{"id":27,"date":"2026-01-14T03:50:18","date_gmt":"2026-01-14T03:50:18","guid":{"rendered":"https:\/\/ag88.dev\/?page_id=27"},"modified":"2026-01-14T04:18:19","modified_gmt":"2026-01-14T04:18:19","slug":"trang-chu","status":"publish","type":"page","link":"https:\/\/ag88.dev\/","title":{"rendered":"Trang ch\u1ee7"},"content":{"rendered":"<div class=\"row row-collapse row-full-width\"  id=\"row-780856259\">\n\n\t<div id=\"col-1089648601\" class=\"col medium-4 large-4\"  >\n\t\t\t\t<div class=\"col-inner\"  >\n\t\t\t\n\t\t\t\n\t<div class=\"img has-hover x md-x lg-x y md-y lg-y\" id=\"image_432324646\">\n\t\t<a class=\"\" href=\"https:\/\/ag88.dev\/qc\/1\" target=\"_blank\" rel=\"noopener\">\t\t\t\t\t\t<div class=\"img-inner dark\" >\n\t\t\t<img loading=\"lazy\" decoding=\"async\" width=\"854\" height=\"378\" src=\"https:\/\/ag88.dev\/wp-content\/uploads\/2026\/01\/AG88-NAPDAU.jpg\" class=\"attachment-original size-original\" alt=\"ag88\" srcset=\"https:\/\/ag88.dev\/wp-content\/uploads\/2026\/01\/AG88-NAPDAU.jpg 854w, https:\/\/ag88.dev\/wp-content\/uploads\/2026\/01\/AG88-NAPDAU-300x133.jpg 300w, https:\/\/ag88.dev\/wp-content\/uploads\/2026\/01\/AG88-NAPDAU-768x340.jpg 768w\" sizes=\"auto, (max-width: 854px) 100vw, 854px\" \/>\t\t\t\t\t\t\n\t\t\t\t\t<\/div>\n\t\t\t\t\t\t<\/a>\t\t\n<style>\n#image_432324646 {\n  width: 100%;\n}\n<\/style>\n\t<\/div>\n\t\n\t\t<\/div>\n\t\t\t\t\t<\/div>\n\n\t\n\n\t<div id=\"col-1409548610\" class=\"col medium-4 large-4\"  >\n\t\t\t\t<div class=\"col-inner\"  >\n\t\t\t\n\t\t\t\n\t<div class=\"img has-hover x md-x lg-x y md-y lg-y\" id=\"image_1175514946\">\n\t\t<a class=\"\" href=\"https:\/\/ag88.dev\/qc\/1\" target=\"_blank\" rel=\"noopener\">\t\t\t\t\t\t<div class=\"img-inner dark\" >\n\t\t\t<img loading=\"lazy\" decoding=\"async\" width=\"854\" height=\"378\" src=\"https:\/\/ag88.dev\/wp-content\/uploads\/2026\/01\/AG88-DK.jpg\" class=\"attachment-original size-original\" alt=\"ag88\" srcset=\"https:\/\/ag88.dev\/wp-content\/uploads\/2026\/01\/AG88-DK.jpg 854w, https:\/\/ag88.dev\/wp-content\/uploads\/2026\/01\/AG88-DK-300x133.jpg 300w, https:\/\/ag88.dev\/wp-content\/uploads\/2026\/01\/AG88-DK-768x340.jpg 768w\" sizes=\"auto, (max-width: 854px) 100vw, 854px\" \/>\t\t\t\t\t\t\n\t\t\t\t\t<\/div>\n\t\t\t\t\t\t<\/a>\t\t\n<style>\n#image_1175514946 {\n  width: 100%;\n}\n<\/style>\n\t<\/div>\n\t\n\t\t<\/div>\n\t\t\t\t\t<\/div>\n\n\t\n\n\t<div id=\"col-862561797\" class=\"col medium-4 large-4\"  >\n\t\t\t\t<div class=\"col-inner\"  >\n\t\t\t\n\t\t\t\n\t<div class=\"img has-hover x md-x lg-x y md-y lg-y\" id=\"image_415621519\">\n\t\t<a class=\"\" href=\"https:\/\/ag88.dev\/qc\/1\" target=\"_blank\" rel=\"noopener\">\t\t\t\t\t\t<div class=\"img-inner dark\" >\n\t\t\t<img loading=\"lazy\" decoding=\"async\" width=\"854\" height=\"378\" src=\"https:\/\/ag88.dev\/wp-content\/uploads\/2026\/01\/ag88-tt.jpg\" class=\"attachment-original size-original\" alt=\"\" srcset=\"https:\/\/ag88.dev\/wp-content\/uploads\/2026\/01\/ag88-tt.jpg 854w, https:\/\/ag88.dev\/wp-content\/uploads\/2026\/01\/ag88-tt-300x133.jpg 300w, https:\/\/ag88.dev\/wp-content\/uploads\/2026\/01\/ag88-tt-768x340.jpg 768w\" sizes=\"auto, (max-width: 854px) 100vw, 854px\" \/>\t\t\t\t\t\t\n\t\t\t\t\t<\/div>\n\t\t\t\t\t\t<\/a>\t\t\n<style>\n#image_415621519 {\n  width: 100%;\n}\n<\/style>\n\t<\/div>\n\t\n\t\t<\/div>\n\t\t\t\t\t<\/div>\n\n\t\n<\/div>\n<div class=\"row\"  id=\"row-2048374656\">\n\n\t<div id=\"col-294698807\" class=\"col small-12 large-12\"  >\n\t\t\t\t<div class=\"col-inner\"  >\n\t\t\t\n\t\t\t\n\t<div id=\"text-806452586\" class=\"text\">\n\t\t\n<h1 style=\"text-align: center;\"><span style=\"font-family: verdana, geneva, sans-serif;\"><a href=\"https:\/\/ag88.games\/\" target=\"_blank\" rel=\"noopener\">AG88<\/a> &#8211; Thi\u00ean \u0111\u01b0\u1eddng gi\u1ea3i tr\u00ed uy t\u00edn ch\u1ea5t l\u01b0\u1ee3ng h\u00e0ng \u0111\u1ea7u Vi\u00eat Nam 2026<\/span><\/h1>\n<p data-start=\"225\" data-end=\"545\"><span style=\"font-family: verdana, geneva, sans-serif;\"><a href=\"https:\/\/ag88.dev\/\"><strong>AG88<\/strong> <\/a>l\u00e0 n\u1ec1n t\u1ea3ng gi\u1ea3i tr\u00ed v\u00e0 c\u00e1 c\u01b0\u1ee3c tr\u1ef1c tuy\u1ebfn h\u00e0ng \u0111\u1ea7u, mang \u0111\u1ebfn h\u00e0ng tr\u0103m tr\u00f2 ch\u01a1i \u0111\u1ed9c \u0111\u00e1o, t\u1eeb casino, th\u1ec3 thao, b\u1eafn c\u00e1, n\u1ed5 h\u0169 \u0111\u1ebfn mini game v\u00e0 t\u00e0i x\u1ec9u. Kh\u00f4ng ch\u1ec9 l\u00e0 nh\u00e0 c\u00e1i online, Trang ch\u1ee7 <strong>AG88<\/strong> l\u00e0 th\u1ebf gi\u1edbi d\u00e0nh cho nh\u1eefng ng\u01b0\u1eddi th\u00edch \u201c<strong>ch\u01a1i l\u1edbn \u2013 th\u1eafng \u0111\u1eadm<\/strong>\u201d, n\u01a1i m\u1ecdi tr\u1ea3i nghi\u1ec7m \u0111\u01b0\u1ee3c n\u00e2ng t\u1ea7m chuy\u00ean nghi\u1ec7p v\u00e0 chu\u1ea9n qu\u1ed1c t\u1ebf.<\/span><\/p>\n<p data-start=\"547\" data-end=\"754\"><span style=\"font-family: verdana, geneva, sans-serif;\"><strong>Truy c\u1eadp AG88<\/strong>\u00a0nhanh ch\u00f3ng qua trang ch\u1ee7 ho\u1eb7c t\u1ea3i app di \u0111\u1ed9ng t\u01b0\u01a1ng th\u00edch tr\u00ean smartphone, tablet v\u00e0 m\u00e1y t\u00ednh c\u00e1 nh\u00e2n, \u0111\u1ec3 tr\u1ea3i nghi\u1ec7m m\u01b0\u1ee3t m\u00e0, ti\u1ec7n l\u1ee3i v\u00e0 kh\u00f4ng gi\u1eadt lag, d\u00f9 b\u1ea5t k\u1ef3 th\u1eddi \u0111i\u1ec3m n\u00e0o trong ng\u00e0y.<\/span><\/p>\n<p data-start=\"756\" data-end=\"1056\"><span style=\"font-family: verdana, geneva, sans-serif;\">Kho tr\u00f2 ch\u01a1i si\u00eau \u0111a d\u1ea1ng, t\u1eeb b\u00e0n c\u01b0\u1ee3c\u00a0<strong>th\u1ec3 thao s\u00f4i \u0111\u1ed9ng, casino tr\u1ef1c tuy\u1ebfn sang tr\u1ecdng, \u0111\u1ebfn c\u00e1c mini game vui nh\u1ed9n, n\u1ed5 h\u0169 b\u00f9ng n\u1ed5 hay b\u1eafn c\u00e1, \u0111\u00e1 g\u00e0 \u0111\u1ea7y th\u1eed th\u00e1ch<\/strong>. D\u00f9 b\u1ea1n l\u00e0 t\u00e2n th\u1ee7 hay cao th\u1ee7 l\u00e2u n\u0103m, AG88 lu\u00f4n c\u00f3 b\u00e0n ch\u01a1i ph\u00f9 h\u1ee3p, gi\u00fap b\u1ea1n s\u0103n th\u01b0\u1edfng, bung k\u00e8o v\u00e0 chinh ph\u1ee5c m\u1ecdi \u0111\u1ec9nh cao may m\u1eafn.<\/span><\/p>\n<p data-start=\"1058\" data-end=\"1358\"><span style=\"font-family: verdana, geneva, sans-serif;\"><strong>Nh\u00e0 c\u00e1i AG88<\/strong>\u00a0c\u00f2n n\u1ed5i b\u1eadt v\u1edbi d\u1ecbch v\u1ee5 h\u1ed7 tr\u1ee3 24\/7, gi\u00fap gi\u1ea3i quy\u1ebft m\u1ecdi th\u1eafc m\u1eafc nhanh ch\u00f3ng. Ng\u01b0\u1eddi ch\u01a1i m\u1edbi \u0111\u01b0\u1ee3c h\u01b0\u1edfng lo\u1ea1t \u01b0u \u0111\u00e3i kh\u1ee7ng:<strong>\u00a0th\u01b0\u1edfng 100% gi\u00e1 tr\u1ecb n\u1ea1p \u0111\u1ea7u, ho\u00e0n ti\u1ec1n h\u1eb1ng ng\u00e0y, c\u01a1 h\u1ed9i nh\u1eadn giftcode, ti\u1ec1n m\u1eb7t v\u00e0 qu\u00e0 t\u1eb7ng \u0111\u1ed9c quy\u1ec1n<\/strong>, mang \u0111\u1ebfn tr\u1ea3i nghi\u1ec7m \u0111\u1ea7y h\u1ee9ng kh\u1edfi ngay t\u1eeb l\u1ea7n \u0111\u1ea7u ti\u00ean tham gia.<\/span><\/p>\n<p data-start=\"1360\" data-end=\"1554\"><span style=\"font-family: verdana, geneva, sans-serif;\"><img decoding=\"async\" class=\"emoji\" role=\"img\" draggable=\"false\" src=\"https:\/\/s.w.org\/images\/core\/emoji\/17.0.2\/svg\/2705.svg\" alt=\"\u2705\" \/> V\u1edbi <strong>AG88<\/strong>, m\u1ecdi tr\u1ea3i nghi\u1ec7m \u0111\u1ec1u minh b\u1ea1ch, c\u00f4ng b\u1eb1ng tuy\u1ec7t \u0111\u1ed1i. H\u1ec7 th\u1ed1ng v\u1eadn h\u00e0nh \u1ed5n \u0111\u1ecbnh, kh\u00f4ng can thi\u1ec7p k\u1ebft qu\u1ea3, tr\u1ea3 th\u01b0\u1edfng nhanh \u2013 \u0111\u00fang \u2013 \u0111\u1ee7, \u0111\u1ea3m b\u1ea3o an to\u00e0n cho m\u1ecdi giao d\u1ecbch v\u00e0 tr\u00f2 ch\u01a1i.<\/span><\/p>\n<p data-start=\"1556\" data-end=\"1743\"><span style=\"font-family: verdana, geneva, sans-serif;\"><img decoding=\"async\" class=\"emoji\" role=\"img\" draggable=\"false\" src=\"https:\/\/s.w.org\/images\/core\/emoji\/17.0.2\/svg\/1f449.svg\" alt=\"\ud83d\udc49\" \/> Tr\u1ea3i nghi\u1ec7m ngay t\u1ea1i link ch\u00ednh th\u1ee9c: <a href=\"https:\/\/ag88.dev\/\"><strong>https:\/\/ag88.dev\/<\/strong><\/a>\u00a0t\u1ea1i trang ch\u1ee7 v\u00e0 nh\u1eadn\u00a0<strong>th\u01b0\u1edfng ch\u00e0o m\u1eebng l\u00ean \u0111\u1ebfn 88K khi \u0111\u0103ng k\u00fd l\u1ea7n \u0111\u1ea7u<\/strong>. B\u1eaft \u0111\u1ea7u h\u00e0nh tr\u00ecnh gi\u1ea3i tr\u00ed \u0111\u1ec9nh cao, n\u01a1i may m\u1eafn v\u00e0 c\u01a1 h\u1ed9i th\u1eafng l\u1edbn lu\u00f4n ch\u1edd \u0111\u00f3n b\u1ea1n!<\/span><\/p>\n\t\t\n<style>\n#text-806452586 {\n  color: rgb(0,0,0);\n}\n#text-806452586 > * {\n  color: rgb(0,0,0);\n}\n<\/style>\n\t<\/div>\n\t\n<div class=\"row align-middle\"  id=\"row-738261274\">\n\n\t<div id=\"col-365627956\" class=\"col medium-6 small-12 large-6\"  >\n\t\t\t\t<div class=\"col-inner\"  >\n\t\t\t\n\t\t\t\n\t<div id=\"text-1219897699\" class=\"text\">\n\t\t\n<h2><span style=\"font-family: verdana, geneva, sans-serif;\">T\u1ea3i app AG88<\/span><\/h2>\n<p><span style=\"font-family: verdana, geneva, sans-serif;\">T\u1ea3i ngay\u00a0<strong data-start=\"9\" data-end=\"28\">App AG88 com<\/strong>\u00a0\u0111\u1ec3 tr\u1ea3i nghi\u1ec7m c\u00e1 c\u01b0\u1ee3c \u0111\u1ec9nh cao m\u1ecdi l\u00fac, m\u1ecdi n\u01a1i! \u1ee8ng d\u1ee5ng h\u1ed7 tr\u1ee3\u00a0<strong data-start=\"95\" data-end=\"113\">Android v\u00e0 iOS<\/strong>, c\u00e0i \u0111\u1eb7t d\u1ec5 d\u00e0ng, t\u1ed1c \u0111\u1ed9 m\u01b0\u1ee3t, b\u1ea3o m\u1eadt tuy\u1ec7t \u0111\u1ed1i. Ng\u01b0\u1eddi ch\u01a1i c\u00f3 th\u1ec3\u00a0<strong data-start=\"182\" data-end=\"252\">\u0111\u0103ng nh\u1eadp, n\u1ea1p \u2013 r\u00fat ti\u1ec1n, c\u00e1 c\u01b0\u1ee3c th\u1ec3 thao, casino, b\u1eafn c\u00e1, n\u1ed5 h\u0169<\/strong>\u00a0ch\u1ec9 trong v\u00e0i gi\u00e2y. \u0110\u1eb7c bi\u1ec7t,\u00a0<strong data-start=\"283\" data-end=\"310\">t\u00e2n th\u1ee7 nh\u1eadn ngay +88K<\/strong> khi t\u1ea3i v\u00e0 \u0111\u0103ng k\u00fd tr\u00ean \u1ee9ng d\u1ee5ng AG88 ch\u00ednh th\u1ee9c h\u00f4m nay!<\/span><\/p>\n\t\t\n<style>\n#text-1219897699 {\n  color: rgb(0,0,0);\n}\n#text-1219897699 > * {\n  color: rgb(0,0,0);\n}\n<\/style>\n\t<\/div>\n\t\n<div class=\"row\"  id=\"row-411730359\">\n\n\t<div id=\"col-2017680752\" class=\"col medium-6 small-12 large-6\"  >\n\t\t\t\t<div class=\"col-inner\"  >\n\t\t\t\n\t\t\t\n\t<div class=\"img has-hover x md-x lg-x y md-y lg-y\" id=\"image_2036390215\">\n\t\t<a class=\"\" href=\"https:\/\/ag88.dev\/qc\/2\" target=\"_blank\" rel=\"noopener\">\t\t\t\t\t\t<div class=\"img-inner dark\" >\n\t\t\t<img loading=\"lazy\" decoding=\"async\" width=\"430\" height=\"160\" src=\"https:\/\/ag88.dev\/wp-content\/uploads\/2026\/01\/GIF-IOS-300kb1.gif\" class=\"attachment-original size-original\" alt=\"\" \/>\t\t\t\t\t\t\n\t\t\t\t\t<\/div>\n\t\t\t\t\t\t<\/a>\t\t\n<style>\n#image_2036390215 {\n  width: 100%;\n}\n<\/style>\n\t<\/div>\n\t\n\t\t<\/div>\n\t\t\t\t\t<\/div>\n\n\t\n\n\t<div id=\"col-1243224458\" class=\"col medium-6 small-12 large-6\"  >\n\t\t\t\t<div class=\"col-inner\"  >\n\t\t\t\n\t\t\t\n\t<div class=\"img has-hover x md-x lg-x y md-y lg-y\" id=\"image_1866142461\">\n\t\t<a class=\"\" href=\"https:\/\/ag88.dev\/qc\/2\" target=\"_blank\" rel=\"noopener\">\t\t\t\t\t\t<div class=\"img-inner dark\" >\n\t\t\t<img loading=\"lazy\" decoding=\"async\" width=\"430\" height=\"160\" src=\"https:\/\/ag88.dev\/wp-content\/uploads\/2026\/01\/GIF-Android-300kb1.gif\" class=\"attachment-original size-original\" alt=\"AG88\" \/>\t\t\t\t\t\t\n\t\t\t\t\t<\/div>\n\t\t\t\t\t\t<\/a>\t\t\n<style>\n#image_1866142461 {\n  width: 100%;\n}\n<\/style>\n\t<\/div>\n\t\n\t\t<\/div>\n\t\t\t\t\t<\/div>\n\n\t\n<\/div>\n\t\t<\/div>\n\t\t\t\t\t<\/div>\n\n\t\n\n\t<div id=\"col-708940695\" class=\"col medium-6 small-12 large-6\"  >\n\t\t\t\t<div class=\"col-inner text-center\"  >\n\t\t\t\n\t\t\t\n\t<div class=\"img has-hover x md-x lg-x y md-y lg-y\" id=\"image_1119976808\">\n\t\t<a class=\"\" href=\"https:\/\/ag88.dev\/qc\/1\" target=\"_blank\" rel=\"noopener\">\t\t\t\t\t\t<div class=\"img-inner dark\" >\n\t\t\t<img loading=\"lazy\" decoding=\"async\" width=\"500\" height=\"500\" src=\"https:\/\/ag88.dev\/wp-content\/uploads\/2026\/01\/ag88-app1.webp\" class=\"attachment-original size-original\" alt=\"ag88\" srcset=\"https:\/\/ag88.dev\/wp-content\/uploads\/2026\/01\/ag88-app1.webp 500w, https:\/\/ag88.dev\/wp-content\/uploads\/2026\/01\/ag88-app1-300x300.webp 300w, https:\/\/ag88.dev\/wp-content\/uploads\/2026\/01\/ag88-app1-150x150.webp 150w\" sizes=\"auto, (max-width: 500px) 100vw, 500px\" \/>\t\t\t\t\t\t\n\t\t\t\t\t<\/div>\n\t\t\t\t\t\t<\/a>\t\t\n<style>\n#image_1119976808 {\n  width: 85%;\n}\n<\/style>\n\t<\/div>\n\t\n\t\t<\/div>\n\t\t\t\t\t<\/div>\n\n\t\n<\/div>\n<div class=\"container section-title-container\" ><h2 class=\"section-title section-title-normal\"><b><\/b><span class=\"section-title-main\" style=\"color:rgb(6, 6, 6);\">H\u01b0\u1edbng d\u1eabn tham gia c\u1ed5ng game ag88<\/span><b><\/b><\/h2><\/div>\n<div class=\"row\"  id=\"row-1442428874\">\n\n\t<div id=\"col-373627222\" class=\"col medium-3 small-6 large-3\"  >\n\t\t\t\t<div class=\"col-inner\"  >\n\t\t\t\n\t\t\t\n\t<div class=\"img has-hover x md-x lg-x y md-y lg-y\" id=\"image_64606423\">\n\t\t<a class=\"\" href=\"https:\/\/ag88.dev\/qc\/2\" target=\"_blank\" rel=\"noopener\">\t\t\t\t\t\t<div class=\"img-inner dark\" >\n\t\t\t<img loading=\"lazy\" decoding=\"async\" width=\"706\" height=\"370\" src=\"https:\/\/ag88.dev\/wp-content\/uploads\/2026\/01\/huong-dan-dang-ky.png\" class=\"attachment-original size-original\" alt=\"ag88\" srcset=\"https:\/\/ag88.dev\/wp-content\/uploads\/2026\/01\/huong-dan-dang-ky.png 706w, https:\/\/ag88.dev\/wp-content\/uploads\/2026\/01\/huong-dan-dang-ky-300x157.png 300w\" sizes=\"auto, (max-width: 706px) 100vw, 706px\" \/>\t\t\t\t\t\t\n\t\t\t\t\t<\/div>\n\t\t\t\t\t\t<\/a>\t\t\n<style>\n#image_64606423 {\n  width: 100%;\n}\n<\/style>\n\t<\/div>\n\t\n\t\t<\/div>\n\t\t\t\t\t<\/div>\n\n\t\n\n\t<div id=\"col-920688472\" class=\"col medium-3 small-6 large-3\"  >\n\t\t\t\t<div class=\"col-inner\"  >\n\t\t\t\n\t\t\t\n\t<div class=\"img has-hover x md-x lg-x y md-y lg-y\" id=\"image_821530255\">\n\t\t<a class=\"\" href=\"https:\/\/ag88.dev\/qc\/2\" target=\"_blank\" rel=\"noopener\">\t\t\t\t\t\t<div class=\"img-inner dark\" >\n\t\t\t<img loading=\"lazy\" decoding=\"async\" width=\"706\" height=\"370\" src=\"https:\/\/ag88.dev\/wp-content\/uploads\/2026\/01\/huong-dan-dang-nhap.png\" class=\"attachment-original size-original\" alt=\"ag88\" srcset=\"https:\/\/ag88.dev\/wp-content\/uploads\/2026\/01\/huong-dan-dang-nhap.png 706w, https:\/\/ag88.dev\/wp-content\/uploads\/2026\/01\/huong-dan-dang-nhap-300x157.png 300w\" sizes=\"auto, (max-width: 706px) 100vw, 706px\" \/>\t\t\t\t\t\t\n\t\t\t\t\t<\/div>\n\t\t\t\t\t\t<\/a>\t\t\n<style>\n#image_821530255 {\n  width: 100%;\n}\n<\/style>\n\t<\/div>\n\t\n\t\t<\/div>\n\t\t\t\t\t<\/div>\n\n\t\n\n\t<div id=\"col-1080671226\" class=\"col medium-3 small-6 large-3\"  >\n\t\t\t\t<div class=\"col-inner\"  >\n\t\t\t\n\t\t\t\n\t<div class=\"img has-hover x md-x lg-x y md-y lg-y\" id=\"image_692631334\">\n\t\t<a class=\"\" href=\"https:\/\/ag88.dev\/qc\/2\" target=\"_blank\" rel=\"noopener\">\t\t\t\t\t\t<div class=\"img-inner dark\" >\n\t\t\t<img loading=\"lazy\" decoding=\"async\" width=\"706\" height=\"370\" src=\"https:\/\/ag88.dev\/wp-content\/uploads\/2026\/01\/huong-dan-nap-tien.png\" class=\"attachment-original size-original\" alt=\"ag88\" srcset=\"https:\/\/ag88.dev\/wp-content\/uploads\/2026\/01\/huong-dan-nap-tien.png 706w, https:\/\/ag88.dev\/wp-content\/uploads\/2026\/01\/huong-dan-nap-tien-300x157.png 300w\" sizes=\"auto, (max-width: 706px) 100vw, 706px\" \/>\t\t\t\t\t\t\n\t\t\t\t\t<\/div>\n\t\t\t\t\t\t<\/a>\t\t\n<style>\n#image_692631334 {\n  width: 100%;\n}\n<\/style>\n\t<\/div>\n\t\n\t\t<\/div>\n\t\t\t\t\t<\/div>\n\n\t\n\n\t<div id=\"col-2136929396\" class=\"col medium-3 small-6 large-3\"  >\n\t\t\t\t<div class=\"col-inner\"  >\n\t\t\t\n\t\t\t\n\t<div class=\"img has-hover x md-x lg-x y md-y lg-y\" id=\"image_1028920285\">\n\t\t<a class=\"\" href=\"https:\/\/ag88.dev\/qc\/2\" target=\"_blank\" rel=\"noopener\">\t\t\t\t\t\t<div class=\"img-inner dark\" >\n\t\t\t<img loading=\"lazy\" decoding=\"async\" width=\"706\" height=\"370\" src=\"https:\/\/ag88.dev\/wp-content\/uploads\/2026\/01\/huong-dan-tai-app.png\" class=\"attachment-original size-original\" alt=\"ag88\" srcset=\"https:\/\/ag88.dev\/wp-content\/uploads\/2026\/01\/huong-dan-tai-app.png 706w, https:\/\/ag88.dev\/wp-content\/uploads\/2026\/01\/huong-dan-tai-app-300x157.png 300w\" sizes=\"auto, (max-width: 706px) 100vw, 706px\" \/>\t\t\t\t\t\t\n\t\t\t\t\t<\/div>\n\t\t\t\t\t\t<\/a>\t\t\n<style>\n#image_1028920285 {\n  width: 100%;\n}\n<\/style>\n\t<\/div>\n\t\n\t\t<\/div>\n\t\t\t\t\t<\/div>\n\n\t\n<\/div>\n\t\t<\/div>\n\t\t\t\t\t<\/div>\n\n\t\n<\/div>\n","protected":false},"excerpt":{"rendered":"","protected":false},"author":1,"featured_media":6,"parent":0,"menu_order":0,"comment_status":"closed","ping_status":"closed","template":"","meta":{"footnotes":""},"class_list":["post-27","page","type-page","status-publish","has-post-thumbnail","hentry"],"_links":{"self":[{"href":"https:\/\/ag88.dev\/index.php?rest_route=\/wp\/v2\/pages\/27","targetHints":{"allow":["GET"]}}],"collection":[{"href":"https:\/\/ag88.dev\/index.php?rest_route=\/wp\/v2\/pages"}],"about":[{"href":"https:\/\/ag88.dev\/index.php?rest_route=\/wp\/v2\/types\/page"}],"author":[{"embeddable":true,"href":"https:\/\/ag88.dev\/index.php?rest_route=\/wp\/v2\/users\/1"}],"replies":[{"embeddable":true,"href":"https:\/\/ag88.dev\/index.php?rest_route=%2Fwp%2Fv2%2Fcomments&post=27"}],"version-history":[{"count":8,"href":"https:\/\/ag88.dev\/index.php?rest_route=\/wp\/v2\/pages\/27\/revisions"}],"predecessor-version":[{"id":52,"href":"https:\/\/ag88.dev\/index.php?rest_route=\/wp\/v2\/pages\/27\/revisions\/52"}],"wp:featuredmedia":[{"embeddable":true,"href":"https:\/\/ag88.dev\/index.php?rest_route=\/wp\/v2\/media\/6"}],"wp:attachment":[{"href":"https:\/\/ag88.dev\/index.php?rest_route=%2Fwp%2Fv2%2Fmedia&parent=27"}],"curies":[{"name":"wp","href":"https:\/\/api.w.org\/{rel}","templated":true}]}}